{"id":1317,"date":"2025-11-24T08:55:41","date_gmt":"2025-11-24T08:55:41","guid":{"rendered":"https:\/\/gochat.ar\/?page_id=1317"},"modified":"2025-11-28T14:06:54","modified_gmt":"2025-11-28T14:06:54","slug":"ecommerce","status":"publish","type":"page","link":"https:\/\/gochat.ar\/es\/ecommerce\/","title":{"rendered":"ecommerce"},"content":{"rendered":"<div class=\"wp-block-group alignfull is-layout-constrained wp-block-group-is-layout-constrained\" style=\"padding:var(--wp--preset--spacing--xxl) 0 var(--wp--preset--spacing--xl) 0\">\n<div class=\"wp-block-columns alignwide are-vertically-aligned-center is-layout-flex wp-container-core-columns-is-layout-e9d73711 wp-block-columns-is-layout-flex is-stacked-on-mobile\" style=\"margin:0;--columns:2\" data-columns=\"2\">\n<div class=\"wp-block-column is-vertically-aligned-center is-layout-flow wp-block-column-is-layout-flow has-position-relative has-z-index\" style=\"--z-index:2\">\n<div class=\"wp-block-group is-layout-flow wp-block-group-is-layout-flow has-position-relative has-z-index\" style=\"--z-index:1;padding:0\">\n<div class=\"wp-block-essential-blocks-advanced-heading  root-eb-advance-heading-prrfd\"><div class=\"eb-parent-wrapper eb-parent-eb-advance-heading-prrfd\"><div class=\"eb-advance-heading-wrapper eb-advance-heading-prrfd preset-1 undefined\" data-id=\"eb-advance-heading-prrfd\">\n<h2 class=\"eb-ah-title\">\n<span class=\"first-title\">Un gemelo digital que funciona como tu mejor versi\u00f3n <\/span>&nbsp;<span class=\"second-title\">vendedor<\/span>\n<\/h2>\n<p class=\"eb-ah-subtitle\">Interact\u00fae con los compradores, responda preguntas, recupere carritos y personalice cada recorrido, todo en tiempo real, sin agregar presi\u00f3n a su equipo.<\/p>\n<\/div><\/div><\/div>\n\n\n<div class=\"wp-block-buttons is-style-default is-horizontal is-layout-flex wp-block-buttons-is-layout-flex\">\n<div class=\"wp-block-button has-box-shadow is-style-fill has-width\" style=\"--width:100%\"><a class=\"wp-block-button__link wp-element-button\" href=\"https:\/\/gochat.ar\/es\/book-a-demo\/?form_mode=full\" style=\"\"><strong>Reservar una demo<\/strong><\/a><\/div>\n<\/div>\n\n\n<div class=\"wp-block-group is-layout-flex wp-container-core-group-is-layout-80e2b484 wp-block-group-is-layout-flex\">\n<ul class=\"wp-block-list wp-block-list is-style-check-circle\">\n<li class=\"is-style-default\">Constructor no-code y low-code<\/li>\n<\/ul>\n\n\n<ul class=\"wp-block-list wp-block-list is-style-check-circle\">\n<li class=\"is-style-default\">Prueba gratuita de 14 d\u00edas<\/li>\n<\/ul>\n\n\n<ul class=\"wp-block-list wp-block-list is-style-check-circle\">\n<li>No se requiere tarjeta de cr\u00e9dito<\/li>\n<\/ul>\n<\/div>\n\n\n<div class=\"wp-block-group ticss-8bd3f757 has-border-color has-custom-violet-light-border-color is-horizontal is-layout-flex wp-block-group-is-layout-flex has-top has-right has-bottom has-left has-display-inline-flex\" style=\"border-width:1px;border-radius:10px;padding:var(--wp--preset--spacing--xxs) var(--wp--preset--spacing--xs)\">\n<p class=\"wp-block-paragraph is-style-sub-heading\" style=\"\">Cualquier canal<\/p>\n\n\n<figure class=\"wp-block-image size-full is-resized\" style=\"\"><img loading=\"lazy\" decoding=\"async\" width=\"114\" height=\"114\" src=\"https:\/\/gochat.ar\/wp-content\/uploads\/2025\/07\/webchat-channel.png\" alt=\"\" class=\"wp-image-955\" style=\"width:28px\" srcset=\"https:\/\/gochat.ar\/wp-content\/uploads\/2025\/07\/webchat-channel.png 114w, https:\/\/gochat.ar\/wp-content\/uploads\/2025\/07\/webchat-channel-12x12.png 12w\" sizes=\"auto, (max-width: 114px) 100vw, 114px\" \/><\/figure>\n\n\n<figure class=\"wp-block-image size-full is-resized has-width\" style=\"--width:30px\"><img loading=\"lazy\" decoding=\"async\" width=\"256\" height=\"256\" src=\"https:\/\/gochat.ar\/wp-content\/uploads\/2025\/07\/instagram-channel.png\" alt=\"\" class=\"wp-image-959\" style=\"aspect-ratio:1;object-fit:contain;width:35px\" srcset=\"https:\/\/gochat.ar\/wp-content\/uploads\/2025\/07\/instagram-channel.png 256w, https:\/\/gochat.ar\/wp-content\/uploads\/2025\/07\/instagram-channel-150x150.png 150w, https:\/\/gochat.ar\/wp-content\/uploads\/2025\/07\/instagram-channel-12x12.png 12w\" sizes=\"auto, (max-width: 256px) 100vw, 256px\" \/><\/figure>\n\n\n<figure class=\"wp-block-image size-full is-resized\" style=\"\"><img loading=\"lazy\" decoding=\"async\" width=\"113\" height=\"113\" src=\"https:\/\/gochat.ar\/wp-content\/uploads\/2025\/07\/whatsapp-channel.png\" alt=\"\" class=\"wp-image-958\" style=\"width:35px\" srcset=\"https:\/\/gochat.ar\/wp-content\/uploads\/2025\/07\/whatsapp-channel.png 113w, https:\/\/gochat.ar\/wp-content\/uploads\/2025\/07\/whatsapp-channel-12x12.png 12w\" sizes=\"auto, (max-width: 113px) 100vw, 113px\" \/><\/figure>\n\n\n<figure class=\"wp-block-image size-large is-resized\" style=\"\"><img loading=\"lazy\" decoding=\"async\" width=\"1005\" height=\"1024\" src=\"https:\/\/gochat.ar\/wp-content\/uploads\/2025\/11\/tiktok-scaled-e1763115488777-1005x1024.png\" alt=\"\" class=\"wp-image-1119\" style=\"object-fit:cover;width:35px;height:35px\" srcset=\"https:\/\/gochat.ar\/wp-content\/uploads\/2025\/11\/tiktok-scaled-e1763115488777-1005x1024.png 1005w, https:\/\/gochat.ar\/wp-content\/uploads\/2025\/11\/tiktok-scaled-e1763115488777-294x300.png 294w, https:\/\/gochat.ar\/wp-content\/uploads\/2025\/11\/tiktok-scaled-e1763115488777-768x783.png 768w, https:\/\/gochat.ar\/wp-content\/uploads\/2025\/11\/tiktok-scaled-e1763115488777-12x12.png 12w, https:\/\/gochat.ar\/wp-content\/uploads\/2025\/11\/tiktok-scaled-e1763115488777.jpeg 1260w\" sizes=\"auto, (max-width: 1005px) 100vw, 1005px\" \/><\/figure>\n<\/div>\n\n\n<div class=\"wp-block-group has-border-color has-custom-violet-light-border-color is-horizontal is-layout-flex wp-block-group-is-layout-flex has-top has-right has-bottom has-left has-display-inline-flex\" style=\"border-width:1px;border-radius:10px;padding:var(--wp--preset--spacing--xxs) var(--wp--preset--spacing--xs)\">\n<p class=\"wp-block-paragraph is-style-sub-heading\" style=\"\">CUALQUIER modelo<\/p>\n\n\n<figure class=\"wp-block-image size-medium is-resized\" style=\"\"><img loading=\"lazy\" decoding=\"async\" width=\"300\" height=\"300\" src=\"https:\/\/gochat.ar\/wp-content\/uploads\/2025\/09\/DeepSeek_logo_icon-300x300.png\" alt=\"\" class=\"wp-image-1101\" style=\"width:35px\" srcset=\"https:\/\/gochat.ar\/wp-content\/uploads\/2025\/09\/DeepSeek_logo_icon-300x300.png 300w, https:\/\/gochat.ar\/wp-content\/uploads\/2025\/09\/DeepSeek_logo_icon-150x150.png 150w, https:\/\/gochat.ar\/wp-content\/uploads\/2025\/09\/DeepSeek_logo_icon-768x768.png 768w, https:\/\/gochat.ar\/wp-content\/uploads\/2025\/09\/DeepSeek_logo_icon-12x12.png 12w, https:\/\/gochat.ar\/wp-content\/uploads\/2025\/09\/DeepSeek_logo_icon.png 883w\" sizes=\"auto, (max-width: 300px) 100vw, 300px\" \/><\/figure>\n\n\n<figure class=\"wp-block-image size-medium is-resized\" style=\"\"><img loading=\"lazy\" decoding=\"async\" width=\"300\" height=\"169\" src=\"https:\/\/gochat.ar\/wp-content\/uploads\/2025\/09\/Google-Gemini-icon-300x169.png\" alt=\"\" class=\"wp-image-1100\" style=\"aspect-ratio:1;object-fit:cover;width:35px\" srcset=\"https:\/\/gochat.ar\/wp-content\/uploads\/2025\/09\/Google-Gemini-icon-300x169.png 300w, https:\/\/gochat.ar\/wp-content\/uploads\/2025\/09\/Google-Gemini-icon-18x10.png 18w, https:\/\/gochat.ar\/wp-content\/uploads\/2025\/09\/Google-Gemini-icon.png 500w\" sizes=\"auto, (max-width: 300px) 100vw, 300px\" \/><\/figure>\n\n\n<figure class=\"wp-block-image size-medium is-resized has-width\" style=\"--width:30px\"><img loading=\"lazy\" decoding=\"async\" width=\"300\" height=\"300\" src=\"https:\/\/gochat.ar\/wp-content\/uploads\/2025\/09\/chatgpt-icon-300x300.png\" alt=\"\" class=\"wp-image-1099\" style=\"width:30px\" srcset=\"https:\/\/gochat.ar\/wp-content\/uploads\/2025\/09\/chatgpt-icon-300x300.png 300w, https:\/\/gochat.ar\/wp-content\/uploads\/2025\/09\/chatgpt-icon-150x150.png 150w, https:\/\/gochat.ar\/wp-content\/uploads\/2025\/09\/chatgpt-icon-768x768.png 768w, https:\/\/gochat.ar\/wp-content\/uploads\/2025\/09\/chatgpt-icon-12x12.png 12w, https:\/\/gochat.ar\/wp-content\/uploads\/2025\/09\/chatgpt-icon.png 1000w\" sizes=\"auto, (max-width: 300px) 100vw, 300px\" \/><\/figure>\n<\/div>\n<\/div>\n<\/div>\n\n\n<div class=\"wp-block-column is-vertically-aligned-center is-layout-flow wp-block-column-is-layout-flow\" style=\"\">\n<div class=\"wp-block-group is-style-default has-neutral-0-background-color has-background is-layout-flow wp-container-core-group-is-layout-f9cb6abc wp-block-group-is-layout-flow has-position-relative has-z-index\" style=\"border-radius:8px;--z-index:1;margin:0\">\n<div style=\"height:100%;filter:blur(100px) opacity(40%);--top:0px;--right:0px;--bottom:0px;--left:0px\" aria-hidden=\"true\" class=\"wp-block-spacer has-vivid-cyan-blue-to-vivid-purple-gradient-background has-background has-position-absolute has-top has-right has-bottom has-left\"><\/div>\n\n\n<div class=\"wp-block-group is-layout-flow wp-container-core-group-is-layout-75810f6e wp-block-group-is-layout-flow has-position-relative has-z-index\" style=\"border-style:none;border-width:0px;border-radius:8px;--z-index:1;margin:0;padding:var(--wp--preset--spacing--xxs)\">\n<figure class=\"wp-block-video aligncenter has-width has-max-width\" style=\"border-style:none;border-width:0px;--width:80%;--max-width:100%\"><video height=\"1280\" style=\"aspect-ratio: 720 \/ 1280;\" width=\"720\" autoplay loop muted src=\"https:\/\/gochat.ar\/wp-content\/uploads\/2025\/11\/gochat-ecommerce-web.webm\"><\/video><\/figure>\n<\/div>\n<\/div>\n<\/div>\n<\/div>\n<\/div>\n\n\n<div class=\"wp-block-group has-primary-100-background-color has-background is-layout-constrained wp-block-group-is-layout-constrained\" style=\"border-radius:20px;margin:var(--wp--preset--spacing--xl) 0;padding:var(--wp--preset--spacing--xl) 0\">\n<h5 class=\"wp-block-heading has-text-align-center\" style=\"margin:0\" id=\"online-stores-may-look-good-but-they-often-lack-engagement-and-personalized-product-suggestions-we-create-ai-agents-that-act-like-real-salespeople\">Las tiendas online pueden parecer atractivas, pero a menudo carecen de interacci\u00f3n y sugerencias de productos personalizadas. Creamos agentes de IA que act\u00faan como vendedores reales.<\/h5>\n\n\n<figure class=\"wp-block-image size-full\" style=\"\"><img loading=\"lazy\" decoding=\"async\" width=\"1000\" height=\"578\" src=\"https:\/\/gochat.ar\/wp-content\/uploads\/2025\/11\/landing-pages-for-your-ecommerce-02.png\" alt=\"\" class=\"wp-image-1335\" srcset=\"https:\/\/gochat.ar\/wp-content\/uploads\/2025\/11\/landing-pages-for-your-ecommerce-02.png 1000w, https:\/\/gochat.ar\/wp-content\/uploads\/2025\/11\/landing-pages-for-your-ecommerce-02-300x173.png 300w, https:\/\/gochat.ar\/wp-content\/uploads\/2025\/11\/landing-pages-for-your-ecommerce-02-768x444.png 768w, https:\/\/gochat.ar\/wp-content\/uploads\/2025\/11\/landing-pages-for-your-ecommerce-02-18x10.png 18w\" sizes=\"auto, (max-width: 1000px) 100vw, 1000px\" \/><\/figure>\n<\/div>\n\n\n<div class=\"wp-block-group alignfull is-layout-constrained wp-container-core-group-is-layout-e20d7f69 wp-block-group-is-layout-constrained\" style=\"margin:0 0 var(--wp--preset--spacing--lg) 0;padding:var(--wp--preset--spacing--xxs) 0 var(--wp--preset--spacing--lg) 0\">\n<h2 class=\"wp-block-heading\" id=\"we-build-your-ai-agent-with-you-for-you\">Construimos tu agente de IA contigo, para ti<br><a href=\"https:\/\/www.serviceform.com\/ai-in-action\"><\/a>\n<\/h2>\n\n\n<p class=\"wp-block-paragraph aligncenter has-text-align-center is-style-sub-heading aligncenter\" style=\"\">Todo lo que necesitas<\/p>\n\n\n<div class=\"wp-block-columns alignwide is-layout-flex wp-container-core-columns-is-layout-31afcbb5 wp-block-columns-is-layout-flex is-stacked-on-mobile\" style=\"padding-top:var(--wp--preset--spacing--sm);padding-bottom:var(--wp--preset--spacing--sm);margin:0;--columns:3\" data-columns=\"3\">\n<div class=\"wp-block-column is-layout-flow wp-block-column-is-layout-flow\">\n<div class=\"wp-block-group is-content-justification-center is-nowrap is-layout-flex wp-container-core-group-is-layout-23441af8 wp-block-group-is-layout-flex\">\n<div class=\"wp-block-group has-background is-nowrap is-layout-flex wp-container-core-group-is-layout-6c531013 wp-block-group-is-layout-flex\" style=\"border-radius:99px;background:linear-gradient(135deg,rgba(7,146,227,0.11) 0%,rgba(155,81,224,0.14) 100%)\">\n<figure class=\"wp-block-image is-style-icon\" style=\"--wp--custom--icon--color:var(--wp--preset--gradient--vivid-cyan-blue-to-vivid-purple);border-radius:99px\"><span style=\"border-radius:99px;--wp--custom--icon--color:var(--wp--preset--gradient--vivid-cyan-blue-to-vivid-purple,currentColor);--wp--custom--icon--padding:var(--wp--preset--spacing--xs) var(--wp--preset--spacing--xs) var(--wp--preset--spacing--xs) var(--wp--preset--spacing--xs);--wp--custom--icon--size:24px;--wp--custom--icon--url:url('data:image\/svg+xml;utf8,&lt;svg xmlns=&quot;http:\/\/www.w3.org\/2000\/svg&quot; viewBox=&quot;0 0 24 24&quot;&gt;&lt;path d=&quot;M11.25 5h1.5v15h-1.5V5zM6 10h1.5v10H6V10zm12 4h-1.5v6H18v-6z&quot;\/&gt;&lt;\/svg&gt;');padding:var(--wp--preset--spacing--xs)\" title=\"chart bar icon\" role=\"img\" class=\"wp-block-image__icon has-gradient has-custom-border\"><\/span><\/figure>\n<\/div>\n<\/div>\n\n\n<h3 class=\"wp-block-heading has-text-align-center has-18-font-size\" style=\"padding-top:var(--wp--preset--spacing--xxs)\" id=\"ai-powered-chatbots\"><strong>Chatbots impulsados por IA<\/strong><\/h3>\n\n\n<p class=\"wp-block-paragraph aligncenter has-text-align-center aligncenter\" style=\"margin-top:var(--wp--preset--spacing--xs)\"><strong>Utilice chatbots inteligentes para responder instant\u00e1neamente a las preguntas frecuentes e interactuar con los visitantes las 24 horas del d\u00eda, los 7 d\u00edas de la semana.<\/strong><\/p>\n<\/div>\n\n\n\n<div class=\"wp-block-column is-layout-flow wp-block-column-is-layout-flow\">\n<div class=\"wp-block-group is-content-justification-center is-nowrap is-layout-flex wp-container-core-group-is-layout-23441af8 wp-block-group-is-layout-flex\">\n<div class=\"wp-block-group has-background is-nowrap is-layout-flex wp-container-core-group-is-layout-6c531013 wp-block-group-is-layout-flex\" style=\"border-radius:99px;background:linear-gradient(135deg,rgba(7,146,227,0.11) 0%,rgba(155,81,224,0.14) 100%)\">\n<figure class=\"wp-block-image is-style-icon\" style=\"--wp--custom--icon--color:var(--wp--preset--gradient--vivid-cyan-blue-to-vivid-purple);border-radius:99px\"><span style=\"border-radius:99px;--wp--custom--icon--color:var(--wp--preset--gradient--vivid-cyan-blue-to-vivid-purple,currentColor);--wp--custom--icon--padding:var(--wp--preset--spacing--xs) var(--wp--preset--spacing--xs) var(--wp--preset--spacing--xs) var(--wp--preset--spacing--xs);--wp--custom--icon--size:24px;--wp--custom--icon--url:url('data:image\/svg+xml;utf8,&lt;svg viewBox=&quot;0 0 24 24&quot; xmlns=&quot;http:\/\/www.w3.org\/2000\/svg&quot;&gt;&lt;path d=&quot;m20.8 10.7-4.3-4.3-1.1 1.1 4.3 4.3c.1.1.1.3 0 .4l-4.3 4.3 1.1 1.1 4.3-4.3c.7-.8.7-1.9 0-2.6zM4.2 11.8l4.3-4.3-1-1-4.3 4.3c-.7.7-.7 1.8 0 2.5l4.3 4.3 1.1-1.1-4.3-4.3c-.2-.1-.2-.3-.1-.4z&quot;\/&gt;&lt;\/svg&gt;');padding:var(--wp--preset--spacing--xs)\" title=\"icono de c\u00f3digo\" role=\"img\" class=\"wp-block-image__icon has-gradient has-custom-border\"><\/span><\/figure>\n<\/div>\n<\/div>\n\n\n<h3 class=\"wp-block-heading has-text-align-center has-18-font-size\" style=\"padding-top:var(--wp--preset--spacing--xxs)\" id=\"omnichannel-engagement\"><strong>Plataforma omnicanal<\/strong><\/h3>\n\n\n<p class=\"wp-block-paragraph aligncenter has-text-align-center aligncenter\" style=\"margin-top:var(--wp--preset--spacing--xs)\"><strong>Con\u00e9ctese con sus clientes en sus plataformas preferidas: Messenger, Instagram, WhatsApp y m\u00e1s<\/strong><\/p>\n<\/div>\n\n\n\n<div class=\"wp-block-column is-layout-flow wp-block-column-is-layout-flow\">\n<div class=\"wp-block-group is-content-justification-center is-nowrap is-layout-flex wp-container-core-group-is-layout-23441af8 wp-block-group-is-layout-flex\">\n<div class=\"wp-block-group has-background is-nowrap is-layout-flex wp-container-core-group-is-layout-6c531013 wp-block-group-is-layout-flex\" style=\"border-radius:99px;background:linear-gradient(135deg,rgba(7,146,227,0.11) 0%,rgba(155,81,224,0.14) 100%)\">\n<figure class=\"wp-block-image is-style-icon\" style=\"--wp--custom--icon--color:var(--wp--preset--gradient--vivid-cyan-blue-to-vivid-purple);border-radius:99px\"><span style=\"border-radius:99px;--wp--custom--icon--color:var(--wp--preset--gradient--vivid-cyan-blue-to-vivid-purple,currentColor);--wp--custom--icon--padding:var(--wp--preset--spacing--xs) var(--wp--preset--spacing--xs) var(--wp--preset--spacing--xs) var(--wp--preset--spacing--xs);--wp--custom--icon--size:24px;--wp--custom--icon--url:url('data:image\/svg+xml;utf8,&lt;svg viewBox=&quot;0 0 24 24&quot; xmlns=&quot;http:\/\/www.w3.org\/2000\/svg&quot;&gt;&lt;path d=&quot;M10 4.5a1 1 0 1 1-2 0 1 1 0 0 1 2 0zm1.5 0a2.5 2.5 0 1 1-5 0 2.5 2.5 0 0 1 5 0zm2.25 7.5v-1A2.75 2.75 0 0 0 11 8.25H7A2.75 2.75 0 0 0 4.25 11v1h1.5v-1c0-.69.56-1.25 1.25-1.25h4c.69 0 1.25.56 1.25 1.25v1h1.5zM4 20h9v-1.5H4V20zm16-4H4v-1.5h16V16z&quot;\/&gt;&lt;\/svg&gt;');padding:var(--wp--preset--spacing--xs)\" title=\"icono del autor de la publicaci\u00f3n\" role=\"img\" class=\"wp-block-image__icon has-gradient has-custom-border\"><\/span><\/figure>\n<\/div>\n<\/div>\n\n\n<h3 class=\"wp-block-heading has-text-align-center has-18-font-size\" style=\"padding-top:var(--wp--preset--spacing--xxs)\" id=\"drag-and-drop-flow-builder\"><strong>Generador de flujo de arrastrar y soltar<\/strong><\/h3>\n\n\n<p class=\"wp-block-paragraph aligncenter has-text-align-center aligncenter\" style=\"margin-top:var(--wp--preset--spacing--xs)\"><strong>Dise\u00f1e flujos conversacionales sin esfuerzo con nuestro constructor visual intuitivo, sin necesidad de codificaci\u00f3n.<\/strong><\/p>\n<\/div>\n<\/div>\n\n\n<div class=\"wp-block-columns alignwide is-layout-flex wp-container-core-columns-is-layout-31afcbb5 wp-block-columns-is-layout-flex is-stacked-on-mobile\" style=\"padding-top:var(--wp--preset--spacing--sm);padding-bottom:var(--wp--preset--spacing--sm);margin:0;--columns:3\" data-columns=\"3\">\n<div class=\"wp-block-column is-layout-flow wp-block-column-is-layout-flow\">\n<div class=\"wp-block-group is-content-justification-center is-nowrap is-layout-flex wp-container-core-group-is-layout-23441af8 wp-block-group-is-layout-flex\">\n<div class=\"wp-block-group has-background is-nowrap is-layout-flex wp-container-core-group-is-layout-6c531013 wp-block-group-is-layout-flex\" style=\"border-radius:99px;background:linear-gradient(135deg,rgba(7,146,227,0.11) 0%,rgba(155,81,224,0.14) 100%)\">\n<figure class=\"wp-block-image is-style-icon\" style=\"--wp--custom--icon--color:var(--wp--preset--gradient--vivid-cyan-blue-to-vivid-purple);border-radius:99px\"><span style=\"border-radius:99px;--wp--custom--icon--color:var(--wp--preset--gradient--vivid-cyan-blue-to-vivid-purple,currentColor);--wp--custom--icon--padding:var(--wp--preset--spacing--xs) var(--wp--preset--spacing--xs) var(--wp--preset--spacing--xs) var(--wp--preset--spacing--xs);--wp--custom--icon--size:24px;--wp--custom--icon--url:url('data:image\/svg+xml;utf8,&lt;svg xmlns=&quot;http:\/\/www.w3.org\/2000\/svg&quot; viewBox=&quot;0 0 24 24&quot;&gt;&lt;path d=&quot;M11.25 5h1.5v15h-1.5V5zM6 10h1.5v10H6V10zm12 4h-1.5v6H18v-6z&quot;\/&gt;&lt;\/svg&gt;');padding:var(--wp--preset--spacing--xs)\" title=\"chart bar icon\" role=\"img\" class=\"wp-block-image__icon has-gradient has-custom-border\"><\/span><\/figure>\n<\/div>\n<\/div>\n\n\n<h3 class=\"wp-block-heading has-text-align-center has-18-font-size\" style=\"padding-top:var(--wp--preset--spacing--xxs)\" id=\"lead-generation\"><strong><strong>Generaci\u00f3n de leads<\/strong><\/strong><\/h3>\n\n\n<p class=\"wp-block-paragraph aligncenter has-text-align-center aligncenter\" style=\"margin-top:var(--wp--preset--spacing--xs)\"><strong><strong>Capture direcciones de correo electr\u00f3nico y n\u00fameros de tel\u00e9fono autom\u00e1ticamente, aumentando su lista de contactos y volviendo a involucrar a los clientes potenciales.<\/strong><\/strong><\/p>\n<\/div>\n\n\n\n<div class=\"wp-block-column is-layout-flow wp-block-column-is-layout-flow\">\n<div class=\"wp-block-group is-content-justification-center is-nowrap is-layout-flex wp-container-core-group-is-layout-23441af8 wp-block-group-is-layout-flex\">\n<div class=\"wp-block-group has-background is-nowrap is-layout-flex wp-container-core-group-is-layout-6c531013 wp-block-group-is-layout-flex\" style=\"border-radius:99px;background:linear-gradient(135deg,rgba(7,146,227,0.11) 0%,rgba(155,81,224,0.14) 100%)\">\n<figure class=\"wp-block-image is-style-icon\" style=\"--wp--custom--icon--color:var(--wp--preset--gradient--vivid-cyan-blue-to-vivid-purple);border-radius:99px\"><span style=\"border-radius:99px;--wp--custom--icon--color:var(--wp--preset--gradient--vivid-cyan-blue-to-vivid-purple,currentColor);--wp--custom--icon--padding:var(--wp--preset--spacing--xs) var(--wp--preset--spacing--xs) var(--wp--preset--spacing--xs) var(--wp--preset--spacing--xs);--wp--custom--icon--size:24px;--wp--custom--icon--url:url('data:image\/svg+xml;utf8,&lt;svg viewBox=&quot;0 0 24 24&quot; xmlns=&quot;http:\/\/www.w3.org\/2000\/svg&quot;&gt;&lt;path d=&quot;m20.8 10.7-4.3-4.3-1.1 1.1 4.3 4.3c.1.1.1.3 0 .4l-4.3 4.3 1.1 1.1 4.3-4.3c.7-.8.7-1.9 0-2.6zM4.2 11.8l4.3-4.3-1-1-4.3 4.3c-.7.7-.7 1.8 0 2.5l4.3 4.3 1.1-1.1-4.3-4.3c-.2-.1-.2-.3-.1-.4z&quot;\/&gt;&lt;\/svg&gt;');padding:var(--wp--preset--spacing--xs)\" title=\"icono de c\u00f3digo\" role=\"img\" class=\"wp-block-image__icon has-gradient has-custom-border\"><\/span><\/figure>\n<\/div>\n<\/div>\n\n\n<h3 class=\"wp-block-heading has-text-align-center has-18-font-size\" style=\"padding-top:var(--wp--preset--spacing--xxs)\" id=\"human-takeover\"><strong><strong><strong>Transferencia humana<\/strong><\/strong><\/strong><\/h3>\n\n\n<p class=\"wp-block-paragraph aligncenter has-text-align-center aligncenter\" style=\"margin-top:var(--wp--preset--spacing--xs)\"><strong><strong>Proporcionar una transferencia fluida a los agentes humanos cuando sea necesario, garantizando una experiencia fluida para el cliente.<\/strong><\/strong><\/p>\n<\/div>\n\n\n\n<div class=\"wp-block-column is-layout-flow wp-block-column-is-layout-flow\">\n<div class=\"wp-block-group is-content-justification-center is-nowrap is-layout-flex wp-container-core-group-is-layout-23441af8 wp-block-group-is-layout-flex\">\n<div class=\"wp-block-group has-background is-nowrap is-layout-flex wp-container-core-group-is-layout-6c531013 wp-block-group-is-layout-flex\" style=\"border-radius:99px;background:linear-gradient(135deg,rgba(7,146,227,0.11) 0%,rgba(155,81,224,0.14) 100%)\">\n<figure class=\"wp-block-image is-style-icon\" style=\"--wp--custom--icon--color:var(--wp--preset--gradient--vivid-cyan-blue-to-vivid-purple);border-radius:99px\"><span style=\"border-radius:99px;--wp--custom--icon--color:var(--wp--preset--gradient--vivid-cyan-blue-to-vivid-purple,currentColor);--wp--custom--icon--padding:var(--wp--preset--spacing--xs) var(--wp--preset--spacing--xs) var(--wp--preset--spacing--xs) var(--wp--preset--spacing--xs);--wp--custom--icon--size:24px;--wp--custom--icon--url:url('data:image\/svg+xml;utf8,&lt;svg viewBox=&quot;0 0 24 24&quot; xmlns=&quot;http:\/\/www.w3.org\/2000\/svg&quot;&gt;&lt;path d=&quot;M10 4.5a1 1 0 1 1-2 0 1 1 0 0 1 2 0zm1.5 0a2.5 2.5 0 1 1-5 0 2.5 2.5 0 0 1 5 0zm2.25 7.5v-1A2.75 2.75 0 0 0 11 8.25H7A2.75 2.75 0 0 0 4.25 11v1h1.5v-1c0-.69.56-1.25 1.25-1.25h4c.69 0 1.25.56 1.25 1.25v1h1.5zM4 20h9v-1.5H4V20zm16-4H4v-1.5h16V16z&quot;\/&gt;&lt;\/svg&gt;');padding:var(--wp--preset--spacing--xs)\" title=\"icono del autor de la publicaci\u00f3n\" role=\"img\" class=\"wp-block-image__icon has-gradient has-custom-border\"><\/span><\/figure>\n<\/div>\n<\/div>\n\n\n<h3 class=\"wp-block-heading has-text-align-center has-18-font-size\" style=\"padding-top:var(--wp--preset--spacing--xxs)\" id=\"more-effective-than-a-website\"><strong><strong>\u00a1M\u00e1s efectivo que un sitio web!<\/strong><\/strong><\/h3>\n\n\n<p class=\"wp-block-paragraph aligncenter has-text-align-center aligncenter\" style=\"margin-top:var(--wp--preset--spacing--xs)\"><strong><strong>Las ventas conversacionales tienen 3 veces m\u00e1s conversi\u00f3n que un sitio web<\/strong><\/strong><\/p>\n<\/div>\n<\/div>\n<\/div>","protected":false},"excerpt":{"rendered":"<p>ANY Channel ANY model Online stores may look good, but they often lack engagement and personalized product suggestions. We create AI agents that act like real salespeople. We build your AI agent with you, for you Everything you need AI-Powered Chatbots Utilize intelligent chatbots to instantly answer FAQs and engage visitors around the clock, 24\/7 &hellip;<\/p>","protected":false},"author":1,"featured_media":0,"parent":0,"menu_order":0,"comment_status":"closed","ping_status":"closed","template":"full-width","meta":{"_eb_attr":"","footnotes":""},"class_list":["post-1317","page","type-page","status-publish","hentry"],"_links":{"self":[{"href":"https:\/\/gochat.ar\/es\/wp-json\/wp\/v2\/pages\/1317","targetHints":{"allow":["GET"]}}],"collection":[{"href":"https:\/\/gochat.ar\/es\/wp-json\/wp\/v2\/pages"}],"about":[{"href":"https:\/\/gochat.ar\/es\/wp-json\/wp\/v2\/types\/page"}],"author":[{"embeddable":true,"href":"https:\/\/gochat.ar\/es\/wp-json\/wp\/v2\/users\/1"}],"replies":[{"embeddable":true,"href":"https:\/\/gochat.ar\/es\/wp-json\/wp\/v2\/comments?post=1317"}],"version-history":[{"count":8,"href":"https:\/\/gochat.ar\/es\/wp-json\/wp\/v2\/pages\/1317\/revisions"}],"predecessor-version":[{"id":1378,"href":"https:\/\/gochat.ar\/es\/wp-json\/wp\/v2\/pages\/1317\/revisions\/1378"}],"wp:attachment":[{"href":"https:\/\/gochat.ar\/es\/wp-json\/wp\/v2\/media?parent=1317"}],"curies":[{"name":"wp","href":"https:\/\/api.w.org\/{rel}","templated":true}]}}