{"id":826,"date":"2025-04-14T17:10:51","date_gmt":"2025-04-14T17:10:51","guid":{"rendered":"https:\/\/gochat.ar\/?page_id=826"},"modified":"2025-08-27T12:00:00","modified_gmt":"2025-08-27T12:00:00","slug":"alternative-to-botmaker","status":"publish","type":"page","link":"https:\/\/gochat.ar\/es\/alternative-to-botmaker\/","title":{"rendered":"Alternativa a Botmaker"},"content":{"rendered":"<div class=\"wp-block-columns alignwide is-horizontal is-layout-flow wp-block-columns-is-layout-flow is-stacked-on-mobile\" data-columns=\"2\" style=\"--columns:2\">\n<div class=\"wp-block-column is-layout-flow wp-block-column-is-layout-flow\">\n<figure class=\"wp-block-image size-full\" style=\"\"><img loading=\"lazy\" decoding=\"async\" width=\"1024\" height=\"1024\" src=\"https:\/\/gochat.ar\/wp-content\/uploads\/2025\/02\/img1.png\" alt=\"\" class=\"wp-image-388\" srcset=\"https:\/\/gochat.ar\/wp-content\/uploads\/2025\/02\/img1.png 1024w, https:\/\/gochat.ar\/wp-content\/uploads\/2025\/02\/img1-300x300.png 300w, https:\/\/gochat.ar\/wp-content\/uploads\/2025\/02\/img1-150x150.png 150w, https:\/\/gochat.ar\/wp-content\/uploads\/2025\/02\/img1-768x768.png 768w, https:\/\/gochat.ar\/wp-content\/uploads\/2025\/02\/img1-12x12.png 12w\" sizes=\"auto, (max-width: 1024px) 100vw, 1024px\" \/><\/figure>\n<\/div>\n\n\n\n<div class=\"wp-block-column is-layout-flow wp-block-column-is-layout-flow\">\n<h1 class=\"wp-block-heading is-style-heading\" id=\"why-choosec2a0gochat-over-botmaker\">\u00bfPor qu\u00e9 elegir GoChat en lugar de Botmaker?<\/h1>\n\n\n<h3 class=\"wp-block-heading\" id=\"connect-up-to-12-channels\">Conecta hasta m\u00e1s de 12 canales<\/h3>\n\n\n<p class=\"wp-block-paragraph\" style=\"\">Chat web, omnicanal y conecta hasta m\u00e1s de 12 canales directamente en GoChat. Interact\u00faa con tus clientes dondequiera que est\u00e9n.<\/p>\n\n\n<h3 class=\"wp-block-heading\" id=\"visual-drag-c2a0drop-flow-builder\">Generador visual de flujos drag &amp;\u00a0drop<\/h3>\n\n\n<p class=\"wp-block-paragraph\" style=\"\">Crea las automatizaciones de tu chatbot con nuestro generador nativo de flujos de drag &amp;\u00a0drop<\/p>\n\n\n<h3 class=\"wp-block-heading\" id=\"integrate-with-everything\">Integraci\u00f3n con todo<\/h3>\n\n\n<p class=\"wp-block-paragraph\" style=\"\">Con m\u00e1s de 12 integraciones nativas y m\u00e1s de 35 miniaplicaciones, puedes integrar f\u00e1cilmente con sistemas de terceros.<\/p>\n<\/div>\n<\/div>\n\n\n<h2 class=\"wp-block-heading\" id=\"gochat-is-a-perfect-alternative-to-botmaker\">GoChat es la alternativa perfecta a Botmaker<\/h2>\n\n\n\n<figure class=\"wp-block-table\"><table class=\"has-fixed-layout\"><thead><tr><th>Caracter\u00edstica<\/th><th>GoChat<\/th><th>Creador de bots<\/th><th>Observaciones*<\/th><\/tr><\/thead><tbody><tr><th colspan=\"4\">CANALES<\/th><\/tr><tr><td>Chat web<\/td><td>\u2713<\/td><td>&#8211;<\/td><td>GoChat admite chat web<\/td><\/tr><tr><td>Omnicanal<\/td><td>\u2713<\/td><td>\u2713<\/td><td>Se crea una vez y se implementa en 8 canales<\/td><\/tr><tr><td>Mensajero<\/td><td>\u2713<\/td><td>\u2713<\/td><td><\/td><\/tr><tr><td>WhatsApp<\/td><td>\u2713<\/td><td>\u2713<\/td><td>GoChat admite la API de WhatsApp Cloud y proveedores de servicios de marketing como 360Dialog.<\/td><\/tr><tr><td>Instagram<\/td><td>\u2713<\/td><td>\u2713<\/td><td><\/td><\/tr><tr><td>Mensaje de texto<\/td><td>\u2713<\/td><td>\u2713<\/td><td><\/td><\/tr><tr><td>Voz<\/td><td>\u2713<\/td><td>&#8211;<\/td><td>Crea tu primer IVR con GoChat.<\/td><\/tr><tr><td>Google Business Messenger<\/td><td>\u2713<\/td><td>&#8211;<\/td><td>Alcanza el tr\u00e1fico de Google Organic Search y Google Maps con el bot de GMB.<\/td><\/tr><tr><td>Correo electr\u00f3nico<\/td><td>\u2713<\/td><td>\u2713<\/td><td><\/td><\/tr><tr><td>WeChat<\/td><td>\u2713<\/td><td>&#8211;<\/td><td><\/td><\/tr><tr><td>L\u00ednea<\/td><td>\u2713<\/td><td>&#8211;<\/td><td><\/td><\/tr><tr><td>Viber<\/td><td>\u2713<\/td><td>&#8211;<\/td><td><\/td><\/tr><tr><td>Slack<\/td><td>\u2713<\/td><td>&#8211;<\/td><td><\/td><\/tr><tr><td>VK<\/td><td>\u2713<\/td><td>&#8211;<\/td><td><\/td><\/tr><tr><td>Intercomunicador<\/td><td>\u2713<\/td><td>&#8211;<\/td><td><\/td><\/tr><tr><td>JivoChat<\/td><td>\u2713<\/td><td>&#8211;<\/td><td><\/td><\/tr><tr><td>Telegram<\/td><td>\u2713<\/td><td>\u2713<\/td><td><\/td><\/tr><tr><td>Canal personalizado<\/td><td>\u2713<\/td><td>&#8211;<\/td><td>Integra tu propio canal API con nuestro generador de flujo visual<\/td><\/tr><tr><th colspan=\"4\">INTERFAZ<\/th><\/tr><tr><td>Constructor de flujo visual<\/td><td>\u2713<\/td><td>\u2713<\/td><td><\/td><\/tr><tr><td>Chatbot de prueba<\/td><td>\u2713<\/td><td>\u2713<\/td><td><\/td><\/tr><tr><td>\u00bfInterfaz f\u00e1cil de usar?<\/td><td>\u2713<\/td><td>\u2713<\/td><td><\/td><\/tr><tr><td>\u00bfEs f\u00e1cil configurar un chatbot?<\/td><td>\u2713<\/td><td>\u2713<\/td><td><\/td><\/tr><tr><td>Temas de creaci\u00f3n de flujo<\/td><td>\u2713<\/td><td>&#8211;<\/td><td>GoChat ofrece m\u00e1s de 8 dise\u00f1os y temas de flujo diferentes.<\/td><\/tr><tr><th colspan=\"4\">ELEMENTOS DEL CHATBOT<\/th><\/tr><tr><td>Retrasos<\/td><td>\u2713<\/td><td>\u2713<\/td><td><\/td><\/tr><tr><td>Im\u00e1genes<\/td><td>\u2713<\/td><td>\u2713<\/td><td><\/td><\/tr><tr><td>Video<\/td><td>\u2713<\/td><td>\u2713<\/td><td><\/td><\/tr><tr><td>Audio<\/td><td>\u2713<\/td><td>\u2713<\/td><td><\/td><\/tr><tr><td>Archivos adjuntos<\/td><td>\u2713<\/td><td>\u2713<\/td><td><\/td><\/tr><tr><td>Galer\u00eda (Lista horizontal)<\/td><td>\u2713<\/td><td>\u2713<\/td><td><\/td><\/tr><tr><td>Emojis<\/td><td>\u2713<\/td><td>\u2713<\/td><td><\/td><\/tr><tr><td>Men\u00fa persistente<\/td><td>\u2713<\/td><td>\u2713<\/td><td><\/td><\/tr><tr><td>Respuestas r\u00e1pidas<\/td><td>\u2713<\/td><td>\u2713<\/td><td><\/td><\/tr><tr><td>Botones<\/td><td>\u2713<\/td><td>\u2713<\/td><td><\/td><\/tr><tr><td>Entrada de texto libre<\/td><td>\u2713<\/td><td>\u2713<\/td><td><\/td><\/tr><tr><td>Compartir ubicaci\u00f3n<\/td><td>\u2713<\/td><td>&#8211;<\/td><td><\/td><\/tr><tr><td>Validaci\u00f3n de correo electr\u00f3nico<\/td><td>\u2713<\/td><td>\u2713<\/td><td><\/td><\/tr><tr><td>Validaci\u00f3n del n\u00famero de tel\u00e9fono<\/td><td>\u2713<\/td><td>\u2713<\/td><td><\/td><\/tr><tr><td>Validaci\u00f3n de fecha<\/td><td>\u2713<\/td><td>\u2713<\/td><td><\/td><\/tr><tr><td>Comentarios de los clientes<\/td><td>\u2713<\/td><td>&#8211;<\/td><td><\/td><\/tr><tr><td>Acceso directo al chat en vivo<\/td><td>\u2713<\/td><td>\u2713<\/td><td><\/td><\/tr><tr><td>Men\u00fa din\u00e1mico<\/td><td>\u2713<\/td><td>\u2713<\/td><td><\/td><\/tr><tr><td>Persona<\/td><td>\u2713<\/td><td>\u2713<\/td><td><\/td><\/tr><tr><td>Etiqueta de agente humano<\/td><td>\u2713<\/td><td>\u2713<\/td><td><\/td><\/tr><tr><td>Mensaje de plantilla de WhatsApp<\/td><td>\u2713<\/td><td>\u2713<\/td><td><\/td><\/tr><tr><td>Plantillas de correo electr\u00f3nico<\/td><td>\u2713<\/td><td>&#8211;<\/td><td><\/td><\/tr><tr><td>Mensaje del cat\u00e1logo de productos de WhatsApp<\/td><td>\u2713<\/td><td>&#8211;<\/td><td><\/td><\/tr><tr><th colspan=\"4\">COMERCIO ELECTR\u00d3NICO<\/th><\/tr><tr><td>Comercio electr\u00f3nico integrado<\/td><td>\u2713<\/td><td>&#8211;<\/td><td><\/td><\/tr><tr><td>Integraci\u00f3n con Shopify<\/td><td>\u2713<\/td><td>\u2713<\/td><td><\/td><\/tr><tr><td>Integraci\u00f3n con WooCommerce<\/td><td>\u2713<\/td><td>&#8211;<\/td><td><\/td><\/tr><tr><td>Pasarela de pago (Stripe y Paypal)<\/td><td>\u2713<\/td><td>\u2713<\/td><td>Disponemos de m\u00e1s pasarelas de pago locales, como RazorPay, Billplz, etc., en nuestra minitienda de aplicaciones<\/td><\/tr><tr><td>Enlaces de pago din\u00e1micos<\/td><td>\u2713<\/td><td>&#8211;<\/td><td>Puedes crear enlaces de pago din\u00e1micos de Stripe o PayPal en GoChat y aceptar pagos de suscripciones.\n                <\/td><\/tr><tr><th colspan=\"4\">IA y PNL<\/th><\/tr><tr><td>Palabras clave<\/td><td>\u2713<\/td><td>\u2713<\/td><td><\/td><\/tr><tr><td>Intenciones<\/td><td>\u2713<\/td><td>&#8211;<\/td><td><\/td><\/tr><tr><td>Entidades<\/td><td>\u2713<\/td><td>&#8211;<\/td><td><\/td><\/tr><tr><td>Integraci\u00f3n de Dialogflow<\/td><td>\u2713<\/td><td>&#8211;<\/td><td><\/td><\/tr><tr><td>Agentes de IA, reconocimiento de intenciones, funciones<\/td><td>\u2713<\/td><td>&#8211;<\/td><td><\/td><\/tr><tr><th colspan=\"4\">INTEGRACI\u00d3N DE CHAT EN VIVO<\/th><\/tr><tr><td>Aplicaciones m\u00f3viles<\/td><td>\u2713<\/td><td>\u2713<\/td><td><\/td><\/tr><tr><td>JivoChat<\/td><td>\u2713<\/td><td>&#8211;<\/td><td><\/td><\/tr><tr><td>Intercomunicador<\/td><td>\u2713<\/td><td>&#8211;<\/td><td><\/td><\/tr><tr><td>Slack<\/td><td>\u2713<\/td><td>&#8211;<\/td><td><\/td><\/tr><tr><td>Frente<\/td><td>\u2713<\/td><td>&#8211;<\/td><td><\/td><\/tr><tr><td>Deriva<\/td><td>\u2713<\/td><td>&#8211;<\/td><td><\/td><\/tr><tr><td>Freshchat<\/td><td>\u2713<\/td><td>&#8211;<\/td><td><\/td><\/tr><tr><td>ChatWoot<\/td><td>\u2713<\/td><td>&#8211;<\/td><td><\/td><\/tr><tr><th colspan=\"4\">MARKETING<\/th><\/tr><tr><td>Widget del sitio web de Facebook<\/td><td>\u2713<\/td><td>\u2713<\/td><td><\/td><\/tr><tr><td>Chat web<\/td><td>\u2713<\/td><td>&#8211;<\/td><td><\/td><\/tr><tr><td>Widget de p\u00e1gina web completa<\/td><td>\u2713<\/td><td>&#8211;<\/td><td><\/td><\/tr><tr><td>Anuncios de Facebook<\/td><td>\u2713<\/td><td>\u2713<\/td><td><\/td><\/tr><tr><td>Notificaci\u00f3n \u00fanica<\/td><td>\u2713<\/td><td>\u2713<\/td><td><\/td><\/tr><tr><td>Notificaciones recurrentes<\/td><td>\u2713<\/td><td>\u2713<\/td><td><\/td><\/tr><tr><td>Bot\u00f3n<\/td><td>\u2713<\/td><td>\u2713<\/td><td><\/td><\/tr><tr><td>Herramientas para el crecimiento de comentarios en Facebook\/Instagram<\/td><td>\u2713<\/td><td>\u2713<\/td><td><\/td><\/tr><tr><th colspan=\"4\">INTEGRACIONES<\/th><\/tr><tr><td>Hoja de c\u00e1lculo de Google<\/td><td>\u2713<\/td><td>\u2713<\/td><td><\/td><\/tr><tr><td>Gmail<\/td><td>\u2713<\/td><td>&#8211;<\/td><td><\/td><\/tr><tr><td>Zapier<\/td><td>\u2713<\/td><td>\u2713<\/td><td><\/td><\/tr><tr><td>Make<\/td><td>\u2713<\/td><td>\u2713<\/td><td><\/td><\/tr><tr><td>Pabbly Connect<\/td><td>\u2713<\/td><td>\u2713<\/td><td><\/td><\/tr><tr><td>Twilio<\/td><td>\u2713<\/td><td>&#8211;<\/td><td><\/td><\/tr><tr><td>Cable de se\u00f1al<\/td><td>\u2713<\/td><td>&#8211;<\/td><td><\/td><\/tr><tr><td>Medios de comunicaci\u00f3n<\/td><td>\u2713<\/td><td>&#8211;<\/td><td><\/td><\/tr><tr><td>Calendly<\/td><td>\u2713<\/td><td>&#8211;<\/td><td><\/td><\/tr><tr><td>Almac\u00e9n de datos<\/td><td>\u2713<\/td><td>&#8211;<\/td><td><\/td><\/tr><tr><td>SMTP<\/td><td>\u2713<\/td><td>&#8211;<\/td><td><\/td><\/tr><tr><td>SendGrid<\/td><td>\u2713<\/td><td>&#8211;<\/td><td><\/td><\/tr><tr><td>Integradamente<\/td><td>\u2713<\/td><td>&#8211;<\/td><td><\/td><\/tr><tr><td>SDK de v\u00eddeo<\/td><td>\u2713<\/td><td>&#8211;<\/td><td><\/td><\/tr><tr><td>Cloudinary<\/td><td>\u2713<\/td><td>&#8211;<\/td><td><\/td><\/tr><tr><th colspan=\"4\">MENSAJES<\/th><\/tr><tr><td>Difusiones<\/td><td>\u2713<\/td><td>\u2713<\/td><td><\/td><\/tr><tr><td>Secuencias<\/td><td>\u2713<\/td><td>\u2713<\/td><td><\/td><\/tr><tr><td>Condiciones<\/td><td>\u2713<\/td><td>\u2713<\/td><td><\/td><\/tr><tr><td>M\u00faltiples idiomas<\/td><td>\u2713<\/td><td>\u2713<\/td><td><\/td><\/tr><tr><td>F\u00e1cil de traducir<\/td><td>\u2713<\/td><td>&#8211;<\/td><td><\/td><\/tr><tr><th colspan=\"4\">PLANTILLAS Y CLONACI\u00d3N<\/th><\/tr><tr><td>Plantillas<\/td><td>30+<\/td><td>19<\/td><td><\/td><\/tr><tr><td>Crear plantillas<\/td><td>\u2713<\/td><td>\u2713<\/td><td><\/td><\/tr><tr><td>Compartir plantillas<\/td><td>\u2713<\/td><td>\u2713<\/td><td>Puedes compartir la plantilla mediante URL p\u00fablicas, privadas y de un solo uso.<\/td><\/tr><tr><td>Flujos de chatbot duplicados<\/td><td>\u2713<\/td><td>\u2713<\/td><td><\/td><\/tr><tr><td>Bloque de chatbot duplicado<\/td><td>\u2713<\/td><td>\u2713<\/td><td><\/td><\/tr><tr><td>Protecci\u00f3n de plantillas<\/td><td>\u2713<\/td><td>\u2713<\/td><td>Tienes m\u00e1s control de permisos en GoChat: publicable; Control editable y visible<\/td><\/tr><tr><th colspan=\"4\">USUARIOS<\/th><\/tr><tr><td>Campos personalizados<\/td><td>\u2713<\/td><td>\u2713<\/td><td><\/td><\/tr><tr><td>Etiquetas<\/td><td>\u2713<\/td><td>\u2713<\/td><td><\/td><\/tr><tr><td>Segmentos de usuarios<\/td><td>\u2713<\/td><td>\u2713<\/td><td><\/td><\/tr><tr><th colspan=\"4\">ANAL\u00cdTICA<\/th><\/tr><tr><td>Panel<\/td><td>\u2713<\/td><td>\u2713<\/td><td><\/td><\/tr><tr><td>Entrada del usuario<\/td><td>&#8211;<\/td><td>&#8211;<\/td><td><\/td><\/tr><tr><td>Retenci\u00f3n de usuarios<\/td><td>&#8211;<\/td><td>&#8211;<\/td><td><\/td><\/tr><tr><td>Mensajes enviados<\/td><td>\u2713<\/td><td>\u2713<\/td><td><\/td><\/tr><tr><td>Tasa de apertura<\/td><td>\u2713<\/td><td>\u2713<\/td><td><\/td><\/tr><tr><td>Tasa de clics<\/td><td>\u2713<\/td><td>\u2713<\/td><td><\/td><\/tr><tr><td>Tasa de conversi\u00f3n<\/td><td>&#8211;<\/td><td>\u2713<\/td><td><\/td><\/tr><tr><td>Tasa de retroceso<\/td><td>&#8211;<\/td><td>&#8211;<\/td><td><\/td><\/tr><tr><th colspan=\"4\">MEJORAMIENTO<\/th><\/tr><tr><td>Pruebas A\/B<\/td><td>\u2713<\/td><td>\u2713<\/td><td><\/td><\/tr><tr><th colspan=\"4\">FUNCIONES PARA DESARROLLADORES<\/th><\/tr><tr><td>Solicitud externa<\/td><td>\u2713<\/td><td>\u2713<\/td><td><\/td><\/tr><tr><td>Base de datos incorporada<\/td><td>\u2713<\/td><td>&#8211;<\/td><td><\/td><\/tr><tr><td>Variable JSON<\/td><td>\u2713<\/td><td>\u2713<\/td><td><\/td><\/tr><tr><td>Operaci\u00f3n JSON<\/td><td>\u2713<\/td><td>&#8211;<\/td><td><\/td><\/tr><tr><td>Funci\u00f3n de Javascript<\/td><td>\u2713<\/td><td>&#8211;<\/td><td><\/td><\/tr><tr><td>Contenido din\u00e1mico<\/td><td>\u2713<\/td><td>\u2713<\/td><td><\/td><\/tr><tr><td>Miniaplicaci\u00f3n basada en interfaz de usuario visual<\/td><td>\u2713<\/td><td>&#8211;<\/td><td><\/td><\/tr><tr><td>Miniaplicaci\u00f3n basada en JSON<\/td><td>\u2713<\/td><td>\u2713<\/td><td><\/td><\/tr><tr><td>Registro de errores<\/td><td>\u2713<\/td><td>\u2713<\/td><td><\/td><\/tr><tr><td>Administrador de pruebas<\/td><td>\u2713<\/td><td>&#8211;<\/td><td><\/td><\/tr><tr><td>Flujo de trabajo<\/td><td>\u2713<\/td><td>&#8211;<\/td><td>Funci\u00f3n \u00fanica de GoChat: permite ejecutar tareas en segundo plano.<\/td><\/tr><tr><td>Flujo de funciones<\/td><td>\u2713<\/td><td>&#8211;<\/td><td>Funci\u00f3n \u00fanica: permite crear flujos reutilizables con flujo de funciones.<\/td><\/tr><tr><td>Webhook entrante<\/td><td>\u2713<\/td><td>&#8211;<\/td><td>Puede transferir los datos a GoChat mediante un webhook entrante.<\/td><\/tr><tr><td>URL de un solo uso<\/td><td>\u2713<\/td><td>&#8211;<\/td><td>Puede usar f\u00e1cilmente una URL de un solo uso para recopilar datos en GoChat o en nuestra miniaplicaci\u00f3n.<\/td><\/tr><tr><th colspan=\"4\">NOTIFICACIONES<\/th><\/tr><tr><td>Notificaci\u00f3n de Messenger<\/td><td>&#8211;<\/td><td>\u2713<\/td><td><\/td><\/tr><tr><td>Notificaci\u00f3n por correo electr\u00f3nico<\/td><td>\u2713<\/td><td>\u2713<\/td><td><\/td><\/tr><tr><td>Notificaci\u00f3n por SMS<\/td><td>\u2713<\/td><td>\u2713<\/td><td><\/td><\/tr><tr><td>Notificaci\u00f3n de llamada telef\u00f3nica<\/td><td>\u2713<\/td><td>&#8211;<\/td><td><\/td><\/tr><tr><td>Notificaci\u00f3n de Slack<\/td><td>\u2713<\/td><td>&#8211;<\/td><td><\/td><\/tr><tr><td>Notificaci\u00f3n de WhatsApp<\/td><td>\u2713<\/td><td>&#8211;<\/td><td><\/td><\/tr><tr><td>Notificaci\u00f3n de Telegram<\/td><td>\u2713<\/td><td>&#8211;<\/td><td><\/td><\/tr><tr><td>Notificaci\u00f3n del agente de chat en vivo<\/td><td>\u2713<\/td><td>&#8211;<\/td><td><\/td><\/tr><tr><th colspan=\"4\">APOYO<\/th><\/tr><tr><td>Tutorial en v\u00eddeo<\/td><td>\u2713<\/td><td>\u2713<\/td><td><\/td><\/tr><tr><td>Documentaci\u00f3n<\/td><td>\u2713<\/td><td>\u2713<\/td><td><\/td><\/tr><tr><td>Soporte personalizado<\/td><td>\u2713<\/td><td>\u2713<\/td><td><\/td><\/tr><\/tbody><\/table><\/figure>\n\n\n<p class=\"wp-block-paragraph\" style=\"\"><\/p>","protected":false},"excerpt":{"rendered":"<p>Why Choose&nbsp;GoChat Over Botmaker? Connect up to 12+ channels Web Chat, Omni Channel &amp; connect up to 12+ channels right in GoChat. Engaged with customers where they are. Visual drag &amp;&nbsp;drop flow builder Build your chatbot automations with our native drag &amp; drop flow builder. Integrate with everything With 12+ native integrations + 35+ mini &hellip;<\/p>","protected":false},"author":1,"featured_media":0,"parent":0,"menu_order":0,"comment_status":"closed","ping_status":"closed","template":"","meta":{"_eb_attr":"","footnotes":""},"class_list":["post-826","page","type-page","status-publish","hentry"],"_links":{"self":[{"href":"https:\/\/gochat.ar\/es\/wp-json\/wp\/v2\/pages\/826","targetHints":{"allow":["GET"]}}],"collection":[{"href":"https:\/\/gochat.ar\/es\/wp-json\/wp\/v2\/pages"}],"about":[{"href":"https:\/\/gochat.ar\/es\/wp-json\/wp\/v2\/types\/page"}],"author":[{"embeddable":true,"href":"https:\/\/gochat.ar\/es\/wp-json\/wp\/v2\/users\/1"}],"replies":[{"embeddable":true,"href":"https:\/\/gochat.ar\/es\/wp-json\/wp\/v2\/comments?post=826"}],"version-history":[{"count":2,"href":"https:\/\/gochat.ar\/es\/wp-json\/wp\/v2\/pages\/826\/revisions"}],"predecessor-version":[{"id":1079,"href":"https:\/\/gochat.ar\/es\/wp-json\/wp\/v2\/pages\/826\/revisions\/1079"}],"wp:attachment":[{"href":"https:\/\/gochat.ar\/es\/wp-json\/wp\/v2\/media?parent=826"}],"curies":[{"name":"wp","href":"https:\/\/api.w.org\/{rel}","templated":true}]}}